{"id":677,"date":"2025-05-28T19:14:54","date_gmt":"2025-05-28T19:14:54","guid":{"rendered":"https:\/\/zentaurquartett.de\/termine\/"},"modified":"2025-05-29T09:22:44","modified_gmt":"2025-05-29T09:22:44","slug":"events","status":"publish","type":"page","link":"https:\/\/zentaur-quartett.de\/en\/events\/","title":{"rendered":"Events"},"content":{"rendered":"<div class=\"fusion-fullwidth fullwidth-box fusion-builder-row-1 fusion-flex-container nonhundred-percent-fullwidth non-hundred-percent-height-scrolling\" style=\"--awb-border-radius-top-left:0px;--awb-border-radius-top-right:0px;--awb-border-radius-bottom-right:0px;--awb-border-radius-bottom-left:0px;--awb-flex-wrap:wrap;\" ><div class=\"fusion-builder-row fusion-row fusion-flex-align-items-flex-start fusion-flex-content-wrap\" style=\"max-width:1144px;margin-left: calc(-4% \/ 2 );margin-right: calc(-4% \/ 2 );\"><div class=\"fusion-layout-column fusion_builder_column fusion-builder-column-0 fusion_builder_column_1_1 1_1 fusion-flex-column\" style=\"--awb-bg-size:cover;--awb-width-large:100%;--awb-margin-top-large:0px;--awb-spacing-right-large:1.92%;--awb-margin-bottom-large:20px;--awb-spacing-left-large:1.92%;--awb-width-medium:100%;--awb-spacing-right-medium:1.92%;--awb-spacing-left-medium:1.92%;--awb-width-small:100%;--awb-spacing-right-small:1.92%;--awb-spacing-left-small:1.92%;\"><div class=\"fusion-column-wrapper fusion-flex-justify-content-flex-start fusion-content-layout-column\"><div class=\"fusion-image-element \" style=\"text-align:center;--awb-caption-title-font-family:var(--h2_typography-font-family);--awb-caption-title-font-weight:var(--h2_typography-font-weight);--awb-caption-title-font-style:var(--h2_typography-font-style);--awb-caption-title-size:var(--h2_typography-font-size);--awb-caption-title-transform:var(--h2_typography-text-transform);--awb-caption-title-line-height:var(--h2_typography-line-height);--awb-caption-title-letter-spacing:var(--h2_typography-letter-spacing);\"><span class=\" fusion-imageframe imageframe-none imageframe-1 hover-type-none\"><img decoding=\"async\" title=\"InterpretationsanweisungScratch_deutsch\" src=\"https:\/\/zentaur-quartett.de\/wp-content\/uploads\/2024\/09\/1725201951866-3ab857bf-def3-4da5-8cce-133af985ff8d_1.jpg\" alt class=\"img-responsive wp-image-574\"\/><\/span><\/div><div class=\"fusion-text fusion-text-1\"><p>&nbsp;<\/p>\n<\/div><div class=\"fusion-text fusion-text-2\"><p>Preview<\/p>\n<\/div>\n<div class=\"table-1\">\n<table width=\"100%\">\n<thead>\n<tr>\n<th align=\"left\">Date<\/th>\n<th align=\"left\">Time<\/th>\n<th align=\"left\">Place<\/th>\n<th align=\"left\">Event<\/th>\n<th align=\"left\">Tickets\/Info<\/th>\n<\/tr>\n<\/thead>\n<tbody>\n<tr>\n<td align=\"left\">17.10.2024<br \/>\n18.10.2024<br \/>\n19.10.2024<\/td>\n<td align=\"left\">20:00<br \/>\n19:30<br \/>\n17:00<\/td>\n<td align=\"left\">M\u00fcnchen, Schwere Reiter<br \/>\nRaisting, Otto-Hellmeier-Kulturhaus<br \/>\nSchambach, Alter Pfarrhof<\/td>\n<td align=\"left\">Heinz Winbeck: 2. Streichquartett \u201etempi notturni\u201c (1979)<br \/>\nBernhard Weidner: 3. Streichquartett \u201eGotisches\u201c (2023\/24, Urauff\u00fchrung)<\/td>\n<td align=\"left\"><a href=\"https:\/\/rausgegangen.de\/events\/zentaur-quartett-streicherklang-und-bildakt-0\/\">VVK M\u00fcnchen<\/a><\/td>\n<\/tr>\n<tr>\n<td align=\"left\">07.05.2025<\/td>\n<td align=\"left\">19:30<\/td>\n<td align=\"left\">M\u00fcnchen, Karl-Amadeus-Hartmann-Gesellschaft<\/td>\n<td align=\"left\">Werke von Karl Amadeus Hartmann, Ursula Mamlok, Erwin Schulhoff und Steve Reich<\/td>\n<td align=\"left\">Infos folgen<\/td>\n<\/tr>\n<\/tbody>\n<\/table>\n<\/div>\n<div class=\"fusion-text fusion-text-3\"><p>&nbsp;<\/p>\n<\/div><div class=\"fusion-text fusion-text-4\"><p>Past concerts<\/p>\n<\/div>\n<div class=\"table-1\">\n<table width=\"100%\">\n<thead>\n<tr>\n<th align=\"left\">Date<\/th>\n<th align=\"left\">Time<\/th>\n<th align=\"left\">Place<\/th>\n<th align=\"left\">Event<\/th>\n<th align=\"left\">Tickets\/Info<\/th>\n<\/tr>\n<\/thead>\n<tbody>\n<tr>\n<td align=\"left\">Montag,<br \/>\n05.02.24<\/td>\n<td align=\"left\">20:00 Uhr<\/td>\n<td align=\"left\">M\u00fcnchen<br \/>\nRubinsteinsaal<\/td>\n<td align=\"left\">dedicated to &#8230;<br \/>\nGespr\u00e4chskonzert im Rahmen der Konzertreihe der Tonk\u00fcnstler M\u00fcnchen e.V.<br \/>\nUrauff\u00fchrung von Michael Emanuel Bauer sowie Werke von Caio de Azevedo, Arsen Babajanyan, Vasiliki Kourti-Papamoustou, Jacopo Salvatori und Katharina Schmauder<\/td>\n<td align=\"left\"><a href=\"https:\/\/tonkuenstler-muenchen.de\/events\/dedicated-to-zentaur-quartettgespraechskonzert\/\">weitere Infos<\/a><\/td>\n<\/tr>\n<tr>\n<td align=\"left\">Samstag,<br \/>\n03.02.24<\/td>\n<td align=\"left\">19:00 Uhr<\/td>\n<td align=\"left\">Leipzig<br \/>\nContemporary Insights<\/td>\n<td align=\"left\">Zentaur-Quartett @ Contemporary Insights<br \/>\nWerke von Caio de Azevedo, Arsen Babajanyan, Vasiliki Kourti-Papamoustou, Jacopo Salvatori und Katharina Schmauder<\/td>\n<td align=\"left\"><\/td>\n<\/tr>\n<tr>\n<td align=\"left\">Samstag,<br \/>\n19.08.23<\/td>\n<td align=\"left\">19:00 Uhr<\/td>\n<td align=\"left\">Cit\u00e9 des Arts<br \/>\nAuditorium<br \/>\nParis (FR)<\/td>\n<td align=\"left\">Zentaur-Quartett<br \/>\nUrauff\u00fchrung von Caio de Azevedo<br \/>\nsowie Werke von Moritz Eggert, Leo\u0161 Jan\u00e1\u010dek und Germaine Tailleferre<\/td>\n<td align=\"left\"><\/td>\n<\/tr>\n<tr>\n<td align=\"left\">Samstag,<br \/>\n17.06.23<\/td>\n<td align=\"left\">19:00 Uhr<\/td>\n<td align=\"left\">Seidl-Villa<br \/>\nM\u00fcnchen<\/td>\n<td align=\"left\">17. aDevantgarde-Festival &#8220;VIER:PLUS:VIER&#8221;<br \/>\nUrauff\u00fchrung von Anna Korsun (gemeinsam mit dem Minguet-Quartett)<br \/>\nsowie Werke von Carl-Christian Bettendorf, Sandeep Bhagwati, Nina Deuse,<br \/>\nMoritz Eggert, Helga Pogatschar und Jacopo Salvatori<\/td>\n<td align=\"left\"><a href=\"https:\/\/www.adevantgarde.de\/veranstaltung\/vierplusvier\">weitere Infos<\/a><\/td>\n<\/tr>\n<tr>\n<td align=\"left\">Sonntag,<br \/>\n23.10.22<\/td>\n<td align=\"left\">17:00 Uhr<br \/>\n20:00 Uhr<\/td>\n<td align=\"left\">B\u00fcrgerhaus Seepark<br \/>\nFreiburg\/Breisgau<\/td>\n<td align=\"left\">&#8220;streichquartett + \/ -&#8221;<br \/>\nWerke von Roland Breitenfeld, Joh.Christian Schulz (UA), Katharina Schmauder,<br \/>\nHermann Gottschewski (UA), Andreas Fervers (UA), Wolfgang Motz,<br \/>\nVasiliki Kourti-Papamoustou, Mia Schmidt (UA), Mes\u00edas Maiguashca (UA),<br \/>\nCarlos C\u00e1rdenas (UA), Frank Michael<\/td>\n<td align=\"left\"><a href=\"https:\/\/www.freiburgerkomponisten.de\/veranstaltungen---2021---2022\/\">weitere Infos<\/a><\/td>\n<\/tr>\n<tr>\n<td align=\"left\">Donnerstag,<br \/>\n30.09.21<\/td>\n<td align=\"left\">20:00 Uhr<\/td>\n<td align=\"left\">Schwere Reiter<br \/>\nM\u00fcnchen<\/td>\n<td align=\"left\">&#8220;vor Anker&#8221;<br \/>\nWerke von Johannes X. Schachtner (UA), Nina Deuse, Moritz Eggert,<br \/>\nCaio de Azevedo, Carl C. Bettendorf und Bernhard Weidner<\/td>\n<td align=\"left\"><a href=\"https:\/\/www.schwerereiter.de\/files\/detail_archive.php?id=440&amp;jahr=2021\">weitere Infos<\/a><\/td>\n<\/tr>\n<tr>\n<td align=\"left\">Montag,<br \/>\n19.10.20<\/td>\n<td align=\"left\">20:00 Uhr<\/td>\n<td align=\"left\">Rubinsteinsaal<br \/>\nM\u00fcnchen<\/td>\n<td align=\"left\">&#8220;Clouds and Fragments&#8221;<br \/>\nStudio f\u00fcr Neue Musik (Tonk\u00fcnstler M\u00fcnchen e.V.)<br \/>\nWerke von Helga Pogatschar, Christian Dieck (UA), Sandeep Bhagwati, Alexander Strauch,<br \/>\nJacopo Salvatori, Markus Lehmann-Horn (UA), Katharina Schmauder<\/td>\n<td align=\"left\"><a href=\"https:\/\/www.freiburgerkomponisten.de\/veranstaltungen---2021---2022\/\">weitere Infos<\/a><\/td>\n<\/tr>\n<\/tbody>\n<\/table>\n<\/div>\n<div class=\"fusion-text fusion-text-5\"><p>Subject to change without notice. All information without guarantee.<\/p>\n<\/div><\/div><\/div><\/div><\/div>\n","protected":false},"excerpt":{"rendered":"","protected":false},"author":1,"featured_media":0,"parent":0,"menu_order":0,"comment_status":"closed","ping_status":"closed","template":"","meta":{"footnotes":""},"class_list":["post-677","page","type-page","status-publish","hentry"],"_links":{"self":[{"href":"https:\/\/zentaur-quartett.de\/en\/wp-json\/wp\/v2\/pages\/677","targetHints":{"allow":["GET"]}}],"collection":[{"href":"https:\/\/zentaur-quartett.de\/en\/wp-json\/wp\/v2\/pages"}],"about":[{"href":"https:\/\/zentaur-quartett.de\/en\/wp-json\/wp\/v2\/types\/page"}],"author":[{"embeddable":true,"href":"https:\/\/zentaur-quartett.de\/en\/wp-json\/wp\/v2\/users\/1"}],"replies":[{"embeddable":true,"href":"https:\/\/zentaur-quartett.de\/en\/wp-json\/wp\/v2\/comments?post=677"}],"version-history":[{"count":5,"href":"https:\/\/zentaur-quartett.de\/en\/wp-json\/wp\/v2\/pages\/677\/revisions"}],"predecessor-version":[{"id":691,"href":"https:\/\/zentaur-quartett.de\/en\/wp-json\/wp\/v2\/pages\/677\/revisions\/691"}],"wp:attachment":[{"href":"https:\/\/zentaur-quartett.de\/en\/wp-json\/wp\/v2\/media?parent=677"}],"curies":[{"name":"wp","href":"https:\/\/api.w.org\/{rel}","templated":true}]}}