{"id":671,"date":"2025-05-28T19:13:44","date_gmt":"2025-05-28T19:13:44","guid":{"rendered":"https:\/\/zentaurquartett.de\/repertoire\/"},"modified":"2025-05-29T09:15:58","modified_gmt":"2025-05-29T09:15:58","slug":"repertoire","status":"publish","type":"page","link":"https:\/\/zentaur-quartett.de\/en\/repertoire\/","title":{"rendered":"Repertoire"},"content":{"rendered":"<div class=\"fusion-fullwidth fullwidth-box fusion-builder-row-1 fusion-flex-container nonhundred-percent-fullwidth non-hundred-percent-height-scrolling\" style=\"--awb-border-radius-top-left:0px;--awb-border-radius-top-right:0px;--awb-border-radius-bottom-right:0px;--awb-border-radius-bottom-left:0px;--awb-flex-wrap:wrap;\" ><div class=\"fusion-builder-row fusion-row fusion-flex-align-items-flex-start fusion-flex-content-wrap\" style=\"max-width:calc( 1100px + 0px );margin-left: calc(-0px \/ 2 );margin-right: calc(-0px \/ 2 );\"><div class=\"fusion-layout-column fusion_builder_column fusion-builder-column-0 fusion_builder_column_1_1 1_1 fusion-flex-column\" style=\"--awb-bg-size:cover;--awb-width-large:100%;--awb-margin-top-large:0px;--awb-spacing-right-large:0px;--awb-margin-bottom-large:20px;--awb-spacing-left-large:0px;--awb-width-medium:100%;--awb-spacing-right-medium:0px;--awb-spacing-left-medium:0px;--awb-width-small:100%;--awb-spacing-right-small:0px;--awb-spacing-left-small:0px;\"><div class=\"fusion-column-wrapper fusion-flex-justify-content-flex-start fusion-content-layout-column\">\n<div class=\"table-1\">\n<table width=\"100%\">\n<thead>\n<tr>\n<th align=\"left\">Komponist*in<\/th>\n<th align=\"left\">Werk\/e<\/th>\n<th align=\"left\">Dauer (in Min)<\/th>\n<th align=\"left\">Bemerkungen<\/th>\n<\/tr>\n<\/thead>\n<tbody>\n<tr>\n<td align=\"left\">Caio de Azevedo<\/td>\n<td align=\"left\">Quarteto de Cordas no. 1 &#8216;\u00d4CO&#8217;<br \/>\nStreichquartett Nr. 2 &#8220;Le Sang des Autres&#8221;<\/td>\n<td align=\"left\">6&#8217;30<br \/>\n12&#8217;00<\/td>\n<td align=\"left\">&#8211;<br \/>\n&#8211;<\/td>\n<\/tr>\n<tr>\n<td align=\"left\">Arsen Babajanyan<\/td>\n<td align=\"left\">At Midnight<br \/>\nOrnamente und Konstruktionen<\/td>\n<td align=\"left\">12&#8217;00<br \/>\n15&#8217;00<\/td>\n<td align=\"left\">mit Sopran<br \/>\n&#8211;<\/td>\n<\/tr>\n<tr>\n<td align=\"left\">Michael Emanuel Bauer<\/td>\n<td align=\"left\">Erased<\/td>\n<td align=\"left\">14&#8217;00<\/td>\n<td align=\"left\">&#8211;<\/td>\n<\/tr>\n<tr>\n<td align=\"left\">Carl C. Bettendorf<\/td>\n<td align=\"left\">Il y a l&#8217;Oc\u00e9an<\/td>\n<td align=\"left\">12&#8217;00<\/td>\n<td align=\"left\">&#8211;<\/td>\n<\/tr>\n<tr>\n<td align=\"left\">Sandeep Bhagwati<\/td>\n<td align=\"left\">Stele for James Tenney<\/td>\n<td align=\"left\">9&#8217;00<\/td>\n<td align=\"left\">&#8211;<\/td>\n<\/tr>\n<tr>\n<td align=\"left\">Nikolaus Brass<\/td>\n<td align=\"left\">ohne Titel &#8211; Music for String Quartet<\/td>\n<td align=\"left\">7&#8217;00<\/td>\n<td align=\"left\">&#8211;<\/td>\n<\/tr>\n<tr>\n<td align=\"left\">Roland Breitenfeld<\/td>\n<td align=\"left\">Zeitl\u00e4uf(t)e<\/td>\n<td align=\"left\">12&#8217;00<\/td>\n<td align=\"left\">mit Live-Elektronik<\/td>\n<\/tr>\n<tr>\n<td align=\"left\">Carlos C\u00e1rdenas<\/td>\n<td align=\"left\">Di\u00e1spora<\/td>\n<td align=\"left\">6&#8217;00<\/td>\n<td align=\"left\">&#8211;<\/td>\n<\/tr>\n<tr>\n<td align=\"left\">Carlos Cipa<\/td>\n<td align=\"left\">String Quartet No. 1<\/td>\n<td align=\"left\">13&#8217;00<\/td>\n<td align=\"left\">&#8211;<\/td>\n<\/tr>\n<tr>\n<td align=\"left\">Gloria Coates<\/td>\n<td align=\"left\">String Quartet No. 1 &#8220;Protestation Quartet&#8221;<\/td>\n<td align=\"left\">6&#8217;00<\/td>\n<td align=\"left\">&#8211;<\/td>\n<\/tr>\n<tr>\n<td align=\"left\">Nina Deuse<\/td>\n<td align=\"left\">Scratch<\/td>\n<td align=\"left\">9&#8217;00<\/td>\n<td align=\"left\">&#8211;<\/td>\n<\/tr>\n<tr>\n<td align=\"left\">Christian Dieck<\/td>\n<td align=\"left\">Streichquartett<\/td>\n<td align=\"left\">5&#8217;00<\/td>\n<td align=\"left\">&#8211;<\/td>\n<\/tr>\n<tr>\n<td align=\"left\">Moritz Eggert<\/td>\n<td align=\"left\">Et in Arcadia Ego<\/td>\n<td align=\"left\">16&#8217;00<\/td>\n<td align=\"left\">&#8211;<\/td>\n<\/tr>\n<tr>\n<td align=\"left\">Andreas Fervers<\/td>\n<td align=\"left\">Bagatelle, in zwei Versuchen<\/td>\n<td align=\"left\">9&#8217;00<\/td>\n<td align=\"left\">Streichtrio<\/td>\n<\/tr>\n<tr>\n<td align=\"left\">Hermann Gottschewski<\/td>\n<td align=\"left\">Satz f\u00fcr Streichquartett<\/td>\n<td align=\"left\">2&#8217;00<\/td>\n<td align=\"left\">&#8211;<\/td>\n<\/tr>\n<tr>\n<td align=\"left\">Steven Heelein<\/td>\n<td align=\"left\">Streichquartett Nr. 4 &#8220;Bagatellen&#8221;<\/td>\n<td align=\"left\">10&#8217;00<\/td>\n<td align=\"left\">&#8211;<\/td>\n<\/tr>\n<tr>\n<td align=\"left\">Leo\u0161 Jan\u00e1\u010dek<\/td>\n<td align=\"left\">Streichquartett Nr. 1 &#8220;Kreutzersonate&#8221;<\/td>\n<td align=\"left\">19&#8217;00<\/td>\n<td align=\"left\">&#8211;<\/td>\n<\/tr>\n<tr>\n<td align=\"left\">Narine Khachatryan<\/td>\n<td align=\"left\">Der Geist ruft<br \/>\nDiskurs \u00e0 4<\/td>\n<td align=\"left\">16&#8217;00<br \/>\n11&#8217;00<\/td>\n<td align=\"left\">&#8211;<br \/>\n&#8211;<\/td>\n<\/tr>\n<tr>\n<td align=\"left\">Vasiliki Kourti-Papamoustou<\/td>\n<td align=\"left\">String Quartet No. 1<\/td>\n<td align=\"left\">12&#8217;00<\/td>\n<td align=\"left\">&#8211;<\/td>\n<\/tr>\n<tr>\n<td align=\"left\">Claas Krause<\/td>\n<td align=\"left\">Ukrainian Scenes<\/td>\n<td align=\"left\">9&#8217;30<\/td>\n<td align=\"left\">&#8211;<\/td>\n<\/tr>\n<tr>\n<td align=\"left\">Markus Lehmann-Horn<\/td>\n<td align=\"left\">Clouds and Fragments<\/td>\n<td align=\"left\">12&#8217;00<\/td>\n<td align=\"left\">&#8211;<\/td>\n<\/tr>\n<tr>\n<td align=\"left\">Mes\u00edas Maiguashca<\/td>\n<td align=\"left\">wwiewut<\/td>\n<td align=\"left\">8&#8217;00<\/td>\n<td align=\"left\">&#8211;<\/td>\n<\/tr>\n<tr>\n<td align=\"left\">Verena Marisa<\/td>\n<td align=\"left\">unborn<\/td>\n<td align=\"left\">15&#8217;00<\/td>\n<td align=\"left\">mit Elektronik<\/td>\n<\/tr>\n<tr>\n<td align=\"left\">Frank Michael<\/td>\n<td align=\"left\">Streichquartett Nr. 5<\/td>\n<td align=\"left\">17&#8217;00<\/td>\n<td align=\"left\">&#8211;<\/td>\n<\/tr>\n<tr>\n<td align=\"left\">Wolfgang Motz<\/td>\n<td align=\"left\">Aus Herzen und Hirnen<\/td>\n<td align=\"left\">12&#8217;00<\/td>\n<td align=\"left\">\u00a0mit Sopran<\/td>\n<\/tr>\n<tr>\n<td align=\"left\">Isabel Mundry<\/td>\n<td align=\"left\">No one<br \/>\nLinien, Zeichnungen<\/td>\n<td align=\"left\">12&#8217;00<br \/>\n12&#8217;00<\/td>\n<td align=\"left\">&#8211;<br \/>\n&#8211;<\/td>\n<\/tr>\n<tr>\n<td align=\"left\">Helga Pogatschar<\/td>\n<td align=\"left\">Scary Meditation<\/td>\n<td align=\"left\">10&#8217;00<\/td>\n<td align=\"left\">&#8211;<\/td>\n<\/tr>\n<tr>\n<td align=\"left\">Elias Praxmarer<\/td>\n<td align=\"left\">Pr\u00e4ludium und Fuge<\/td>\n<td align=\"left\">6&#8217;00<\/td>\n<td align=\"left\">&#8211;<\/td>\n<\/tr>\n<tr>\n<td align=\"left\">Jacopo Salvatori<\/td>\n<td align=\"left\">Pixels<\/td>\n<td align=\"left\">6&#8217;30<\/td>\n<td align=\"left\">&#8211;<\/td>\n<\/tr>\n<tr>\n<td align=\"left\">Johannes X. Schachtner<\/td>\n<td align=\"left\">Klavierquintett<br \/>\nStreichquartett Nr. 2 &#8220;quasi una serenata&#8221;<br \/>\nStreichquartett Nr. 3 &#8220;vor Anker&#8221;<\/td>\n<td align=\"left\">10&#8217;00<br \/>\n13&#8217;00<br \/>\n8&#8217;00<\/td>\n<td align=\"left\">mit Klavier<br \/>\n&#8211;<br \/>\n&#8211;<\/td>\n<\/tr>\n<tr>\n<td align=\"left\">Katharina Schmauder<\/td>\n<td align=\"left\">Skin<\/td>\n<td align=\"left\">7&#8217;00<\/td>\n<td align=\"left\">&#8211;<\/td>\n<\/tr>\n<tr>\n<td align=\"left\">Mia Schmidt<\/td>\n<td align=\"left\">Zwei St\u00fccke<\/td>\n<td align=\"left\">9&#8217;00<\/td>\n<td align=\"left\">Streichtrio mit Sopran<\/td>\n<\/tr>\n<tr>\n<td align=\"left\">Joh. Christian Schulz<\/td>\n<td align=\"left\">Maia (aus: The Pleiades)<\/td>\n<td align=\"left\">2&#8217;00<\/td>\n<td align=\"left\">Streichtrio<\/td>\n<\/tr>\n<tr>\n<td align=\"left\">Jakob Stillmark<\/td>\n<td align=\"left\">Strahlen<\/td>\n<td align=\"left\">12&#8217;00<\/td>\n<td align=\"left\">&#8211;<\/td>\n<\/tr>\n<tr>\n<td align=\"left\">Alexander Strauch<\/td>\n<td align=\"left\">H-I-A-S<\/td>\n<td align=\"left\">12&#8217;00<\/td>\n<td align=\"left\">&#8211;<\/td>\n<\/tr>\n<tr>\n<td align=\"left\">Germaine Tailleferre<\/td>\n<td align=\"left\">Quatuor \u00e0 cordes<\/td>\n<td align=\"left\">10&#8217;00<\/td>\n<td align=\"left\">&#8211;<\/td>\n<\/tr>\n<tr>\n<td align=\"left\">Bernhard Weidner<\/td>\n<td align=\"left\">Bruckner-Schemen<\/td>\n<td align=\"left\">12&#8217;00<\/td>\n<td align=\"left\">&#8211;<\/td>\n<\/tr>\n<\/tbody>\n<\/table>\n<\/div>\n<div class=\"fusion-text fusion-text-1\"><p>Stand: 11.03.2024<br \/>\nAlle Angaben ohne Gew\u00e4hr.<\/p>\n<\/div><\/div><\/div><\/div><\/div>\n","protected":false},"excerpt":{"rendered":"","protected":false},"author":1,"featured_media":0,"parent":0,"menu_order":0,"comment_status":"closed","ping_status":"closed","template":"","meta":{"footnotes":""},"class_list":["post-671","page","type-page","status-publish","hentry"],"_links":{"self":[{"href":"https:\/\/zentaur-quartett.de\/en\/wp-json\/wp\/v2\/pages\/671","targetHints":{"allow":["GET"]}}],"collection":[{"href":"https:\/\/zentaur-quartett.de\/en\/wp-json\/wp\/v2\/pages"}],"about":[{"href":"https:\/\/zentaur-quartett.de\/en\/wp-json\/wp\/v2\/types\/page"}],"author":[{"embeddable":true,"href":"https:\/\/zentaur-quartett.de\/en\/wp-json\/wp\/v2\/users\/1"}],"replies":[{"embeddable":true,"href":"https:\/\/zentaur-quartett.de\/en\/wp-json\/wp\/v2\/comments?post=671"}],"version-history":[{"count":4,"href":"https:\/\/zentaur-quartett.de\/en\/wp-json\/wp\/v2\/pages\/671\/revisions"}],"predecessor-version":[{"id":675,"href":"https:\/\/zentaur-quartett.de\/en\/wp-json\/wp\/v2\/pages\/671\/revisions\/675"}],"wp:attachment":[{"href":"https:\/\/zentaur-quartett.de\/en\/wp-json\/wp\/v2\/media?parent=671"}],"curies":[{"name":"wp","href":"https:\/\/api.w.org\/{rel}","templated":true}]}}